{"id":30,"date":"2023-08-18T13:41:10","date_gmt":"2023-08-18T11:41:10","guid":{"rendered":"http:\/\/etsahoudjonetfils.com\/ahoudjon\/?page_id=30"},"modified":"2024-05-24T12:02:53","modified_gmt":"2024-05-24T10:02:53","slug":"batiment-et-travaux-publics","status":"publish","type":"page","link":"https:\/\/etsahoudjonetfils.com\/ahoudjon\/batiment-et-travaux-publics\/","title":{"rendered":"D\u00e9partement B\u00e2timent"},"content":{"rendered":"\n<p class=\"has-medium-font-size\">Le d\u00e9partement B\u00e2timent concerne la construction des b\u00e2timents neufs, de r\u00e9novation et de r\u00e9habilitation de b\u00e2timents anciens. Ce d\u00e9partement comprend une large gamme de services, allant de la conception et de la planification de projets de construction \u00e0 la r\u00e9alisation de travaux de gros \u0153uvre et de finition.<\/p>\n\n\n\n<p class=\"has-medium-font-size\">Cette gamme de services se d\u00e9crit comme suit : <\/p>\n\n\n\n<h2 class=\"wp-block-heading\" style=\"text-transform:none\"><\/h2>\n\n\n\n<h3 class=\"wp-block-heading\"><\/h3>\n\n\n\n<ul class=\"wp-block-list\">\n<li class=\"has-medium-font-size\"><strong>LA CONCEPTION ET LA PLANIFICATION DE VOS PROJETS EN BATIMENT<\/strong><\/li>\n<\/ul>\n\n\n\n<p class=\"has-medium-font-size\">Ce service prend en compte la conception de plans, l&rsquo;\u00e9tablissement de devis, la gestion et la coordination des projets avec les autres professionnels impliqu\u00e9s dans le projet (architectes, ing\u00e9nieurs etc.).<\/p>\n\n\n\n<div class=\"wp-block-columns are-vertically-aligned-center is-layout-flex wp-container-core-columns-is-layout-1 wp-block-columns-is-layout-flex\">\n<div class=\"wp-block-column is-vertically-aligned-center is-layout-flow wp-block-column-is-layout-flow\"><div class=\"wp-block-image\">\n<figure class=\"aligncenter size-large is-resized\"><img loading=\"lazy\" decoding=\"async\" src=\"https:\/\/etsahoudjonetfils.com\/wp-content\/uploads\/2023\/09\/plan-1-1024x576.jpg\" alt=\"\" class=\"wp-image-309\" style=\"width:404px;height:227px\" width=\"404\" height=\"227\" srcset=\"https:\/\/etsahoudjonetfils.com\/wp-content\/uploads\/2023\/09\/plan-1-1024x576.jpg 1024w, https:\/\/etsahoudjonetfils.com\/wp-content\/uploads\/2023\/09\/plan-1-300x169.jpg 300w, https:\/\/etsahoudjonetfils.com\/wp-content\/uploads\/2023\/09\/plan-1-768x432.jpg 768w, https:\/\/etsahoudjonetfils.com\/wp-content\/uploads\/2023\/09\/plan-1.jpg 1280w\" sizes=\"(max-width: 404px) 100vw, 404px\" \/><\/figure><\/div><\/div>\n\n\n\n<div class=\"wp-block-column is-vertically-aligned-center is-layout-flow wp-block-column-is-layout-flow\"><div class=\"wp-block-image\">\n<figure class=\"aligncenter size-large is-resized\"><img loading=\"lazy\" decoding=\"async\" src=\"https:\/\/etsahoudjonetfils.com\/wp-content\/uploads\/2024\/05\/shutterstock_2187682005-1024x683.jpg\" alt=\"\" class=\"wp-image-803\" style=\"object-fit:cover;width:404px;height:227px\" width=\"404\" height=\"227\"\/><\/figure><\/div><\/div>\n<\/div>\n\n\n\n<h2 class=\"wp-block-heading\"><\/h2>\n\n\n\n<h3 class=\"wp-block-heading\"><\/h3>\n\n\n\n<div class=\"wp-block-group is-vertical is-layout-flex wp-container-core-group-is-layout-1 wp-block-group-is-layout-flex\">\n<p><\/p>\n\n\n\n<p><\/p>\n<\/div>\n\n\n\n<ul class=\"wp-block-list\">\n<li class=\"has-medium-font-size\"><strong>LES TRAVAUX DE GROS \u0152UVRE EN BATIMENT<\/strong><\/li>\n<\/ul>\n\n\n\n<p class=\"has-medium-font-size\">Cela comprend les travaux de fondations, de ma\u00e7onnerie et tous autres travaux permettant la solidit\u00e9 du b\u00e2timent.<\/p>\n\n\n\n<div class=\"wp-block-columns is-layout-flex wp-container-core-columns-is-layout-2 wp-block-columns-is-layout-flex\">\n<div class=\"wp-block-column is-layout-flow wp-block-column-is-layout-flow\"><div class=\"wp-block-image\">\n<figure class=\"aligncenter size-large is-resized\"><img loading=\"lazy\" decoding=\"async\" src=\"https:\/\/etsahoudjonetfils.com\/wp-content\/uploads\/2023\/09\/foundation_1-1024x576.jpg\" alt=\"\" class=\"wp-image-312\" style=\"object-fit:cover;width:404px;height:227px\" width=\"404\" height=\"227\" srcset=\"https:\/\/etsahoudjonetfils.com\/wp-content\/uploads\/2023\/09\/foundation_1-1024x576.jpg 1024w, https:\/\/etsahoudjonetfils.com\/wp-content\/uploads\/2023\/09\/foundation_1-300x169.jpg 300w, https:\/\/etsahoudjonetfils.com\/wp-content\/uploads\/2023\/09\/foundation_1-768x432.jpg 768w, https:\/\/etsahoudjonetfils.com\/wp-content\/uploads\/2023\/09\/foundation_1.jpg 1280w\" sizes=\"(max-width: 404px) 100vw, 404px\" \/><\/figure><\/div><\/div>\n\n\n\n<div class=\"wp-block-column is-layout-flow wp-block-column-is-layout-flow\"><div class=\"wp-block-image\">\n<figure class=\"aligncenter size-large is-resized\"><img loading=\"lazy\" decoding=\"async\" src=\"https:\/\/etsahoudjonetfils.com\/wp-content\/uploads\/2023\/09\/structure_metallique-1024x768.jpg\" alt=\"\" class=\"wp-image-313\" style=\"object-fit:cover;width:404px;height:227px\" width=\"404\" height=\"227\"\/><\/figure><\/div><\/div>\n<\/div>\n\n\n\n<h2 class=\"wp-block-heading\"><\/h2>\n\n\n\n<h3 class=\"wp-block-heading\"><\/h3>\n\n\n\n<div class=\"wp-block-group is-vertical is-layout-flex wp-container-core-group-is-layout-2 wp-block-group-is-layout-flex\">\n<p><\/p>\n\n\n\n<p><\/p>\n<\/div>\n\n\n\n<ul class=\"wp-block-list\">\n<li class=\"has-medium-font-size\"><strong>LES TRAVAUX DE FINITION EN BATIMENT<\/strong><\/li>\n<\/ul>\n\n\n\n<p class=\"has-medium-font-size\">Il s&rsquo;agit des travaux de lots techniques tels que les travaux de plomberie, d&rsquo;assainissement, de menuiserie, de rev\u00eatement sol et mural, d&rsquo;ameublement, &#8230;faisant ressortir la fonctionnalit\u00e9 et l&rsquo;esth\u00e9tique du b\u00e2timent.<\/p>\n\n\n\n<div class=\"wp-block-columns is-layout-flex wp-container-core-columns-is-layout-3 wp-block-columns-is-layout-flex\">\n<div class=\"wp-block-column is-layout-flow wp-block-column-is-layout-flow\"><div class=\"wp-block-image\">\n<figure class=\"aligncenter size-large is-resized\"><img loading=\"lazy\" decoding=\"async\" src=\"https:\/\/etsahoudjonetfils.com\/wp-content\/uploads\/2023\/09\/plafond_1-1024x647.jpg\" alt=\"\" class=\"wp-image-315\" style=\"object-fit:cover;width:404px;height:227px\" width=\"404\" height=\"227\"\/><\/figure><\/div><\/div>\n\n\n\n<div class=\"wp-block-column is-layout-flow wp-block-column-is-layout-flow\"><div class=\"wp-block-image\">\n<figure class=\"aligncenter size-large is-resized\"><img loading=\"lazy\" decoding=\"async\" src=\"https:\/\/etsahoudjonetfils.com\/wp-content\/uploads\/2023\/09\/interieur-1024x768.jpg\" alt=\"\" class=\"wp-image-316\" style=\"object-fit:cover;width:404px;height:227px\" width=\"404\" height=\"227\"\/><\/figure><\/div><\/div>\n<\/div>\n\n\n\n<h2 class=\"wp-block-heading\"><\/h2>\n\n\n\n<h3 class=\"wp-block-heading\"><\/h3>\n\n\n\n<div class=\"wp-block-group is-vertical is-layout-flex wp-container-core-group-is-layout-3 wp-block-group-is-layout-flex\">\n<p><\/p>\n\n\n\n<p><\/p>\n<\/div>\n\n\n\n<ul class=\"wp-block-list\">\n<li class=\"has-medium-font-size\"><strong>LES SERVICES DE R\u00c9NOVATION OU DE REHABILITATION DE BATIMENT<\/strong><\/li>\n<\/ul>\n\n\n\n<p class=\"has-medium-font-size\">Ce service de r\u00e9novation de b\u00e2timents existants, concerne les travaux de r\u00e9paration, de remplacement de certains ouvrages, de syst\u00e8mes \u00e9lectriques et de plomberie, ainsi que l\u2019am\u00e9lioration de l\u2019isolation et de l\u2019efficacit\u00e9 \u00e9nerg\u00e9tique&#8230;<\/p>\n\n\n\n<div class=\"wp-block-columns is-layout-flex wp-container-core-columns-is-layout-4 wp-block-columns-is-layout-flex\">\n<div class=\"wp-block-column is-layout-flow wp-block-column-is-layout-flow\"><div class=\"wp-block-image\">\n<figure class=\"aligncenter size-large is-resized\"><img loading=\"lazy\" decoding=\"async\" src=\"http:\/\/etsahoudjonetfils.com\/wp-content\/uploads\/2024\/02\/Toiture_3-2-1024x1024.jpg\" alt=\"\" class=\"wp-image-700\" style=\"object-fit:cover;width:404px;height:227px\" width=\"404\" height=\"227\"\/><\/figure><\/div><\/div>\n\n\n\n<div class=\"wp-block-column is-layout-flow wp-block-column-is-layout-flow\"><div class=\"wp-block-image\">\n<figure class=\"aligncenter size-large is-resized\"><img loading=\"lazy\" decoding=\"async\" src=\"http:\/\/etsahoudjonetfils.com\/wp-content\/uploads\/2024\/05\/peinture-909x1024.jpeg\" alt=\"\" class=\"wp-image-778\" style=\"object-fit:cover;width:404px;height:227px\" width=\"404\" height=\"227\"\/><\/figure><\/div><\/div>\n<\/div>\n\n\n\n<div class=\"wp-block-buttons is-content-justification-right is-layout-flex wp-container-core-buttons-is-layout-1 wp-block-buttons-is-layout-flex\">\n<div class=\"wp-block-button has-custom-font-size is-style-outline has-medium-font-size is-style-outline--aa1a5473523ad1e68336afdd5934a448\"><a class=\"wp-block-button__link has-vivid-red-color has-text-color has-background wp-element-button\" href=\"https:\/\/etsahoudjonetfils.com\/ahoudjon\/#contact\" style=\"border-radius:13px;background:linear-gradient(135deg,rgb(255,245,203) 0%,rgb(182,227,213) 50%,rgb(51,167,181) 100%)\" target=\"_blank\" rel=\"noreferrer noopener\">En savoir plus<\/a><\/div>\n<\/div>\n","protected":false},"excerpt":{"rendered":"<p>Le d\u00e9partement B\u00e2timent concerne la construction des b\u00e2timents neufs, de r\u00e9novation et de r\u00e9habilitation de b\u00e2timents anciens. Ce d\u00e9partement comprend une large gamme de services, allant de la conception et &#8230;<\/p>\n","protected":false},"author":1,"featured_media":800,"parent":0,"menu_order":0,"comment_status":"closed","ping_status":"closed","template":"","meta":{"footnotes":""},"class_list":["post-30","page","type-page","status-publish","has-post-thumbnail","hentry"],"_links":{"self":[{"href":"https:\/\/etsahoudjonetfils.com\/ahoudjon\/wp-json\/wp\/v2\/pages\/30"}],"collection":[{"href":"https:\/\/etsahoudjonetfils.com\/ahoudjon\/wp-json\/wp\/v2\/pages"}],"about":[{"href":"https:\/\/etsahoudjonetfils.com\/ahoudjon\/wp-json\/wp\/v2\/types\/page"}],"author":[{"embeddable":true,"href":"https:\/\/etsahoudjonetfils.com\/ahoudjon\/wp-json\/wp\/v2\/users\/1"}],"replies":[{"embeddable":true,"href":"https:\/\/etsahoudjonetfils.com\/ahoudjon\/wp-json\/wp\/v2\/comments?post=30"}],"version-history":[{"count":54,"href":"https:\/\/etsahoudjonetfils.com\/ahoudjon\/wp-json\/wp\/v2\/pages\/30\/revisions"}],"predecessor-version":[{"id":804,"href":"https:\/\/etsahoudjonetfils.com\/ahoudjon\/wp-json\/wp\/v2\/pages\/30\/revisions\/804"}],"wp:featuredmedia":[{"embeddable":true,"href":"https:\/\/etsahoudjonetfils.com\/ahoudjon\/wp-json\/wp\/v2\/media\/800"}],"wp:attachment":[{"href":"https:\/\/etsahoudjonetfils.com\/ahoudjon\/wp-json\/wp\/v2\/media?parent=30"}],"curies":[{"name":"wp","href":"https:\/\/api.w.org\/{rel}","templated":true}]}}