{"id":25,"date":"2023-08-18T13:15:10","date_gmt":"2023-08-18T11:15:10","guid":{"rendered":"http:\/\/etsahoudjonetfils.com\/ahoudjon\/?page_id=25"},"modified":"2024-12-28T10:52:17","modified_gmt":"2024-12-28T09:52:17","slug":"presentation","status":"publish","type":"page","link":"https:\/\/etsahoudjonetfils.com\/ahoudjon\/presentation\/","title":{"rendered":"Pr\u00e9sentation"},"content":{"rendered":"\n<p><\/p>\n\n\n\n<p class=\"has-medium-font-size\"><strong>ETS AHOUDJON ET FILS<\/strong> est une entreprise g\u00e9n\u00e9rale de B\u00e2timent et Travaux Publics install\u00e9e \u00e0 Abidjan.<br>L\u2019Etablissement offre des services de construction, de r\u00e9novation, de r\u00e9habilitation (immeubles, villas, appartements) et des op\u00e9rations de promotion immobili\u00e8re pour des clients publics ou des particuliers.<br>Nous intervenons \u00e9galement dans les achats de biens (terrains, b\u00e2timents).<\/p>\n\n\n\n<p class=\"has-medium-font-size\">L\u2019activit\u00e9 de l\u2019Etablissement se d\u00e9veloppe sur toute l\u2019\u00e9tendue du territoire ivoirien.<\/p>\n\n\n\n<p class=\"has-medium-font-size\">La soci\u00e9t\u00e9 intervient \u00e9galement en sous-traitance de travaux. Son objectif est d\u2019\u00eatre pr\u00e9sent sur tous les grands projets de construction du pays, en pr\u00e9servant ses valeurs propres et dans le but de satisfaire tous ses clients.<\/p>\n\n\n\n<p class=\"has-medium-font-size\">Quel que soit votre projet, notre \u00e9quipe de professionnels met ses comp\u00e9tences et son savoir-faire \u00e0 votre service.<\/p>\n\n\n\n<p class=\"has-medium-font-size\">Nous vous proposons aussi une assistance technique \u00e0 votre \u00e9coute tout au long de la r\u00e9alisation de votre chantier, et nous disposons de moyens cons\u00e9quents pour assurer tout type d&rsquo;intervention.<\/p>\n\n\n\n<p class=\"has-medium-font-size\">Un devis adapt\u00e9 \u00e0 vos besoins vous est propos\u00e9 pour votre projet que ce soit en construction neuve, r\u00e9novation ou de r\u00e9habilitation d&rsquo;anciens b\u00e2timents.<\/p>\n\n\n\n<p><\/p>\n\n\n\n<h2 class=\"wp-block-heading has-vivid-cyan-blue-color has-text-color has-large-font-size\">Google Maps<\/h2>\n\n\n\n<iframe src=\"https:\/\/www.google.com\/maps\/embed?pb=!1m14!1m8!1m3!1d3972.3074583028765!2d-3.9316428!3d5.369994!3m2!1i1024!2i768!4f13.1!3m3!1m2!1s0xfc1edd8c076b225%3A0xb232a25abffdb0d9!2sETS%20AHOUDJON%20ET%20FILS!5e0!3m2!1sfr!2sci!4v1695644473997!5m2!1sfr!2sci\" width=\"600\" height=\"450\" style=\"border:0;\" allowfullscreen=\"\" loading=\"lazy\" referrerpolicy=\"no-referrer-when-downgrade\"><\/iframe>\n","protected":false},"excerpt":{"rendered":"<p>ETS AHOUDJON ET FILS est une entreprise g\u00e9n\u00e9rale de B\u00e2timent et Travaux Publics install\u00e9e \u00e0 Abidjan.L\u2019Etablissement offre des services de construction, de r\u00e9novation, de r\u00e9habilitation (immeubles, villas, appartements) et des &#8230;<\/p>\n","protected":false},"author":1,"featured_media":883,"parent":0,"menu_order":0,"comment_status":"closed","ping_status":"closed","template":"","meta":{"footnotes":""},"class_list":["post-25","page","type-page","status-publish","has-post-thumbnail","hentry"],"_links":{"self":[{"href":"https:\/\/etsahoudjonetfils.com\/ahoudjon\/wp-json\/wp\/v2\/pages\/25"}],"collection":[{"href":"https:\/\/etsahoudjonetfils.com\/ahoudjon\/wp-json\/wp\/v2\/pages"}],"about":[{"href":"https:\/\/etsahoudjonetfils.com\/ahoudjon\/wp-json\/wp\/v2\/types\/page"}],"author":[{"embeddable":true,"href":"https:\/\/etsahoudjonetfils.com\/ahoudjon\/wp-json\/wp\/v2\/users\/1"}],"replies":[{"embeddable":true,"href":"https:\/\/etsahoudjonetfils.com\/ahoudjon\/wp-json\/wp\/v2\/comments?post=25"}],"version-history":[{"count":13,"href":"https:\/\/etsahoudjonetfils.com\/ahoudjon\/wp-json\/wp\/v2\/pages\/25\/revisions"}],"predecessor-version":[{"id":878,"href":"https:\/\/etsahoudjonetfils.com\/ahoudjon\/wp-json\/wp\/v2\/pages\/25\/revisions\/878"}],"wp:featuredmedia":[{"embeddable":true,"href":"https:\/\/etsahoudjonetfils.com\/ahoudjon\/wp-json\/wp\/v2\/media\/883"}],"wp:attachment":[{"href":"https:\/\/etsahoudjonetfils.com\/ahoudjon\/wp-json\/wp\/v2\/media?parent=25"}],"curies":[{"name":"wp","href":"https:\/\/api.w.org\/{rel}","templated":true}]}}